{"id":1879,"date":"2024-08-10T20:35:14","date_gmt":"2024-08-10T17:35:14","guid":{"rendered":"https:\/\/southtownfilms.com\/?page_id=1879"},"modified":"2026-03-18T20:56:25","modified_gmt":"2026-03-18T17:56:25","slug":"drone-photography","status":"publish","type":"page","link":"https:\/\/kassfilms.eu\/et\/photography\/drone-photography\/","title":{"rendered":"Droonifotod"},"content":{"rendered":"<div class=\"wpb-content-wrapper\"><div class=\"vc_row wpb_row vc_row-fluid vc_row-69d4d0193bc8d\"><div class=\"wpb_column vc_column_container vc_col-sm-12 vc_row-69d4d0193c027\"><div class=\"vc_column-inner\"><div class=\"wpb_wrapper\">\n\t<div class=\"wpb_text_column wpb_content_element\" >\n\t\t<div class=\"wpb_wrapper\">\n\t\t\t<p>Aerofotod on maagilised - need pakuvad erakordset vaatenurka maailmale. Droonid avavad hulgaliselt uusi v\u00f5imalusi, olgu selleks filmistseeni loomine, hoone katuse \u00fclevaatus v\u00f5i ainulaadsed pealtvaated ja \u00fcllatavad one-shot walkthrough-klipid.<\/p>\n<p>&nbsp;<\/p>\n<p>Meil on Euroopa A1\/A3 ja A2 droonilitsentsid. Lisaks lendame ka FPV-droonidega, et teha kiireloomulisi action-v\u00f5tteid ja l\u00e4bilende.<\/p>\n\n\t\t<\/div>\n\t<\/div>\n<\/div><\/div><\/div><\/div><div class=\"vc_row wpb_row vc_row-fluid vc_custom_1557998930465 vc_row-5cdd2c8fcca9e\"><div class=\"wpb_column vc_column_container vc_col-sm-12 vc_row-69d4d0193c373\"><div class=\"vc_column-inner\"><div class=\"wpb_wrapper\">\t\t\t\t\t\t\t<div class=\"portfolio-carousel portfolio-5cdd277e7ae77  wpb_animate_when_almost_visible wpb_fadeInLeft fadeInLeft popup-gallery\">\n\t\t\t\t\t<div class=\"content\">\n\t\t\t\t\t\t\t\t\t\t\t\t\t<div class=\"heading-block with-dots\">\n\t\t\t\t\t\t\t\t<h2 class=\"h\">Aerofotod<\/h2>\n\t\t\t\t\t\t\t<\/div>\n\t\t\t\t\t\t\t\t\t\t\t\t\t<div class=\"nav\">\n\t\t\t\t\t\t\t\t\t\t\t\t\t\t\t\t\t<div class=\"prev base-icon-back\" data-magic-cursor=\"link-small\"><\/div>\n\t\t\t\t\t\t\t\t\t\t\t\t\t\t\t\t\t<div class=\"counter\"><\/div>\n\t\t\t\t\t\t\t\t\t\t\t\t\t\t\t\t\t<div class=\"next base-icon-next-1\" data-magic-cursor=\"link-small\"><\/div>\n\t\t\t\t\t\t\t\t\t\t\t\t\t\t\t<\/div>\n\t\t\t\t\t\t\t\t\t\t\t\t<div class=\"description\"><\/div>\n\t\t\t\t\t\t<a class=\"button-style1\" href=\"#\"><span>Rohkem fotosid<\/span><\/a>\n\t\t\t\t\t<\/div>\n\t\t\t\t\t<div class=\"slider-block swiper-container\">\n\t\t\t\t\t\t<div class=\"swiper-wrapper\">\n\t\t\t\t\t\t\t\t\t<article class=\"category-architecture category-drone-photography popup-item swiper-slide\" data-permalink=\"https:\/\/kassfilms.eu\/et\/project\/snowy-taltech-nighttime-v2\/\" data-desc=\"15-dec-2023, TalTech campus.\">\n\t\t\t<div class=\"portfolio-item-grid wpb_animate_when_almost_visible wpb_fadeInLeft fadeInLeft post-2350 fw-portfolio type-fw-portfolio status-publish has-post-thumbnail hentry fw-portfolio-category-architecture fw-portfolio-category-drone-photography\">\n\t\t\t\t<div class=\"img-block\">\n\t\t\t\t\t\t\t\t\t\t\t<div style=\"background-image: url(https:\/\/kassfilms.eu\/wp-content\/uploads\/2024\/08\/2023-12-15-Lumised-nighttime-droonipildid-11-1024x576.jpg)\"><\/div>\n\t\t\t\t\t\t\t\t\t<\/div>\n\t\t\t\t<div class=\"content\">\n\t\t\t\t\t<div class=\"num\">01<\/div>\n\t\t\t\t\t<h5 class=\"h\">Snowy TalTech (Nighttime) v2<\/h5>\n\t\t\t\t\t<div class=\"cat\">Architecture photography, Drone photography<\/div>\n\t\t\t\t<\/div>\n\t\t\t\t<a href=\"https:\/\/kassfilms.eu\/wp-content\/uploads\/2024\/08\/2023-12-15-Lumised-nighttime-droonipildid-11-scaled.jpg\" data-size=\"2560x1440\" data-magic-cursor=\"link-w-text\" data-magic-cursor-text=\"View\" data-id=\"1\"><\/a>\t\t\t<\/div>\n\t\t<\/article>\n\t\t\t\t<article class=\"category-architecture category-drone-photography popup-item swiper-slide\" data-permalink=\"https:\/\/kassfilms.eu\/et\/project\/snowy-taltech-nighttime\/\" data-desc=\"15-dec-2023, TalTech campus.\">\n\t\t\t<div class=\"portfolio-item-grid wpb_animate_when_almost_visible wpb_fadeInLeft fadeInLeft post-2341 fw-portfolio type-fw-portfolio status-publish has-post-thumbnail hentry fw-portfolio-category-architecture fw-portfolio-category-drone-photography\">\n\t\t\t\t<div class=\"img-block\">\n\t\t\t\t\t\t\t\t\t\t\t<div style=\"background-image: url(https:\/\/kassfilms.eu\/wp-content\/uploads\/2024\/08\/2023-12-15-Lumised-nighttime-droonipildid-6-1024x576.jpg)\"><\/div>\n\t\t\t\t\t\t\t\t\t<\/div>\n\t\t\t\t<div class=\"content\">\n\t\t\t\t\t<div class=\"num\">02<\/div>\n\t\t\t\t\t<h5 class=\"h\">Snowy TalTech (Nighttime)<\/h5>\n\t\t\t\t\t<div class=\"cat\">Architecture photography, Drone photography<\/div>\n\t\t\t\t<\/div>\n\t\t\t\t<a href=\"https:\/\/kassfilms.eu\/wp-content\/uploads\/2024\/08\/2023-12-15-Lumised-nighttime-droonipildid-6-scaled.jpg\" data-size=\"2560x1440\" data-magic-cursor=\"link-w-text\" data-magic-cursor-text=\"View\" data-id=\"2\"><\/a>\t\t\t<\/div>\n\t\t<\/article>\n\t\t\t\t<article class=\"category-drone-photography popup-item swiper-slide\" data-permalink=\"https:\/\/kassfilms.eu\/et\/project\/snowy-taltech-campus\/\" data-desc=\"Drone shots of TalTech&#039;s Mustam\u00e4gi campus, 14-dec-2023.\">\n\t\t\t<div class=\"portfolio-item-grid wpb_animate_when_almost_visible wpb_fadeInLeft fadeInLeft post-1746 fw-portfolio type-fw-portfolio status-publish has-post-thumbnail hentry fw-portfolio-category-drone-photography\">\n\t\t\t\t<div class=\"img-block\">\n\t\t\t\t\t\t\t\t\t\t\t<div style=\"background-image: url(https:\/\/kassfilms.eu\/wp-content\/uploads\/2024\/07\/2023-12-14-Lumised-droonipildid-15-1024x576.jpg)\"><\/div>\n\t\t\t\t\t\t\t\t\t<\/div>\n\t\t\t\t<div class=\"content\">\n\t\t\t\t\t<div class=\"num\">03<\/div>\n\t\t\t\t\t<h5 class=\"h\">Snowy TalTech Campus (Daytime)<\/h5>\n\t\t\t\t\t<div class=\"cat\">Droonifotograafia<\/div>\n\t\t\t\t<\/div>\n\t\t\t\t<a href=\"https:\/\/kassfilms.eu\/wp-content\/uploads\/2024\/07\/2023-12-14-Lumised-droonipildid-15-scaled.jpg\" data-size=\"2560x1440\" data-magic-cursor=\"link-w-text\" data-magic-cursor-text=\"View\" data-id=\"3\"><\/a>\t\t\t<\/div>\n\t\t<\/article>\n\t\t\t\t<article class=\"category-drone-photography popup-item swiper-slide\" data-permalink=\"https:\/\/kassfilms.eu\/et\/project\/linnakupidu-2023-nighttime\/\">\n\t\t\t<div class=\"portfolio-item-grid wpb_animate_when_almost_visible wpb_fadeInLeft fadeInLeft post-2360 fw-portfolio type-fw-portfolio status-publish has-post-thumbnail hentry fw-portfolio-category-drone-photography\">\n\t\t\t\t<div class=\"img-block\">\n\t\t\t\t\t\t\t\t\t\t\t<div style=\"background-image: url(https:\/\/kassfilms.eu\/wp-content\/uploads\/2024\/08\/Linnakupidu-2023-droonifotod-15-1024x576.jpg)\"><\/div>\n\t\t\t\t\t\t\t\t\t<\/div>\n\t\t\t\t<div class=\"content\">\n\t\t\t\t\t<div class=\"num\">04<\/div>\n\t\t\t\t\t<h5 class=\"h\">Linnakupidu 2023 nighttime<\/h5>\n\t\t\t\t\t<div class=\"cat\">Droonifotograafia<\/div>\n\t\t\t\t<\/div>\n\t\t\t\t<a href=\"https:\/\/kassfilms.eu\/wp-content\/uploads\/2024\/08\/Linnakupidu-2023-droonifotod-15-scaled.jpg\" data-size=\"2560x1440\" data-magic-cursor=\"link-w-text\" data-magic-cursor-text=\"View\" data-id=\"4\"><\/a>\t\t\t<\/div>\n\t\t<\/article>\n\t\t\t\t<article class=\"category-drone-photography popup-item swiper-slide\" data-permalink=\"https:\/\/kassfilms.eu\/et\/project\/taltech-campus-2023\/\" data-desc=\"Linnakupidu 2023 daytime\">\n\t\t\t<div class=\"portfolio-item-grid wpb_animate_when_almost_visible wpb_fadeInLeft fadeInLeft post-2355 fw-portfolio type-fw-portfolio status-publish has-post-thumbnail hentry fw-portfolio-category-drone-photography\">\n\t\t\t\t<div class=\"img-block\">\n\t\t\t\t\t\t\t\t\t\t\t<div style=\"background-image: url(https:\/\/kassfilms.eu\/wp-content\/uploads\/2024\/08\/Linnakupidu-2023-droonifotod-3-1024x576.jpg)\"><\/div>\n\t\t\t\t\t\t\t\t\t<\/div>\n\t\t\t\t<div class=\"content\">\n\t\t\t\t\t<div class=\"num\">05<\/div>\n\t\t\t\t\t<h5 class=\"h\">TalTech Campus 2023<\/h5>\n\t\t\t\t\t<div class=\"cat\">Droonifotograafia<\/div>\n\t\t\t\t<\/div>\n\t\t\t\t<a href=\"https:\/\/kassfilms.eu\/wp-content\/uploads\/2024\/08\/Linnakupidu-2023-droonifotod-3-scaled.jpg\" data-size=\"2560x1440\" data-magic-cursor=\"link-w-text\" data-magic-cursor-text=\"View\" data-id=\"5\"><\/a>\t\t\t<\/div>\n\t\t<\/article>\n\t\t\t\t<article class=\"category-architecture category-drone-photography popup-item swiper-slide\" data-permalink=\"https:\/\/kassfilms.eu\/et\/project\/it-maja\/\">\n\t\t\t<div class=\"portfolio-item-grid wpb_animate_when_almost_visible wpb_fadeInLeft fadeInLeft post-2352 fw-portfolio type-fw-portfolio status-publish has-post-thumbnail hentry fw-portfolio-category-architecture fw-portfolio-category-drone-photography\">\n\t\t\t\t<div class=\"img-block\">\n\t\t\t\t\t\t\t\t\t\t\t<div style=\"background-image: url(https:\/\/kassfilms.eu\/wp-content\/uploads\/2024\/08\/Droonipildid-2023-suvi-15-1024x576.jpg)\"><\/div>\n\t\t\t\t\t\t\t\t\t<\/div>\n\t\t\t\t<div class=\"content\">\n\t\t\t\t\t<div class=\"num\">06<\/div>\n\t\t\t\t\t<h5 class=\"h\">IT-maja<\/h5>\n\t\t\t\t\t<div class=\"cat\">Architecture photography, Drone photography<\/div>\n\t\t\t\t<\/div>\n\t\t\t\t<a href=\"https:\/\/kassfilms.eu\/wp-content\/uploads\/2024\/08\/Droonipildid-2023-suvi-15-scaled.jpg\" data-size=\"2560x1440\" data-magic-cursor=\"link-w-text\" data-magic-cursor-text=\"View\" data-id=\"6\"><\/a>\t\t\t<\/div>\n\t\t<\/article>\n\t\t\t\t<article class=\"category-drone-photography category-nature-photography popup-item swiper-slide\" data-permalink=\"https:\/\/kassfilms.eu\/et\/project\/snowy-dolomites\/\" data-desc=\"Adventures in the snowy mountains.\">\n\t\t\t<div class=\"portfolio-item-grid wpb_animate_when_almost_visible wpb_fadeInLeft fadeInLeft post-2248 fw-portfolio type-fw-portfolio status-publish has-post-thumbnail hentry fw-portfolio-category-drone-photography fw-portfolio-category-nature-photography\">\n\t\t\t\t<div class=\"img-block\">\n\t\t\t\t\t\t\t\t\t\t\t<div style=\"background-image: url(https:\/\/kassfilms.eu\/wp-content\/uploads\/2024\/08\/Italy-drone-4-576x1024.jpg)\"><\/div>\n\t\t\t\t\t\t\t\t\t<\/div>\n\t\t\t\t<div class=\"content\">\n\t\t\t\t\t<div class=\"num\">07<\/div>\n\t\t\t\t\t<h5 class=\"h\">Snowy Dolomites<\/h5>\n\t\t\t\t\t<div class=\"cat\">Drone photography, Nature photography<\/div>\n\t\t\t\t<\/div>\n\t\t\t\t<a href=\"https:\/\/kassfilms.eu\/wp-content\/uploads\/2024\/08\/Italy-drone-4.jpg\" data-size=\"1080x1920\" data-magic-cursor=\"link-w-text\" data-magic-cursor-text=\"View\" data-id=\"7\"><\/a>\t\t\t<\/div>\n\t\t<\/article>\n\t\t\t\t<article class=\"category-drone-photography category-nature-photography popup-item swiper-slide\" data-permalink=\"https:\/\/kassfilms.eu\/et\/project\/hanging-bridge\/\" data-desc=\"Found this amazing spot for some FPV drone action over and under the bridge.\">\n\t\t\t<div class=\"portfolio-item-grid wpb_animate_when_almost_visible wpb_fadeInLeft fadeInLeft post-2135 fw-portfolio type-fw-portfolio status-publish has-post-thumbnail hentry fw-portfolio-category-drone-photography fw-portfolio-category-nature-photography\">\n\t\t\t\t<div class=\"img-block\">\n\t\t\t\t\t\t\t\t\t\t\t<div style=\"background-image: url(https:\/\/kassfilms.eu\/wp-content\/uploads\/2024\/08\/Italy-drone-3-1-576x1024.jpg)\"><\/div>\n\t\t\t\t\t\t\t\t\t<\/div>\n\t\t\t\t<div class=\"content\">\n\t\t\t\t\t<div class=\"num\">08<\/div>\n\t\t\t\t\t<h5 class=\"h\">Hanging bridge<\/h5>\n\t\t\t\t\t<div class=\"cat\">Drone photography, Nature photography<\/div>\n\t\t\t\t<\/div>\n\t\t\t\t<a href=\"https:\/\/kassfilms.eu\/wp-content\/uploads\/2024\/08\/Italy-drone-3-1.jpg\" data-size=\"1080x1920\" data-magic-cursor=\"link-w-text\" data-magic-cursor-text=\"View\" data-id=\"8\"><\/a>\t\t\t<\/div>\n\t\t<\/article>\n\t\t\t\t<article class=\"category-drone-photography category-nature-photography popup-item swiper-slide\" data-permalink=\"https:\/\/kassfilms.eu\/et\/project\/dolomites-waterfall\/\" data-desc=\"Captured with a FPV drone.\">\n\t\t\t<div class=\"portfolio-item-grid wpb_animate_when_almost_visible wpb_fadeInLeft fadeInLeft post-2253 fw-portfolio type-fw-portfolio status-publish has-post-thumbnail hentry fw-portfolio-category-drone-photography fw-portfolio-category-nature-photography\">\n\t\t\t\t<div class=\"img-block\">\n\t\t\t\t\t\t\t\t\t\t\t<div style=\"background-image: url(https:\/\/kassfilms.eu\/wp-content\/uploads\/2024\/08\/IMG_2785-1-1-683x1024.jpg)\"><\/div>\n\t\t\t\t\t\t\t\t\t<\/div>\n\t\t\t\t<div class=\"content\">\n\t\t\t\t\t<div class=\"num\">09<\/div>\n\t\t\t\t\t<h5 class=\"h\">Dolomites waterfall<\/h5>\n\t\t\t\t\t<div class=\"cat\">Drone photography, Nature photography<\/div>\n\t\t\t\t<\/div>\n\t\t\t\t<a href=\"https:\/\/kassfilms.eu\/wp-content\/uploads\/2024\/08\/IMG_2785-1-1-scaled.jpg\" data-size=\"1707x2560\" data-magic-cursor=\"link-w-text\" data-magic-cursor-text=\"View\" data-id=\"9\"><\/a>\t\t\t<\/div>\n\t\t<\/article>\n\t\t\t\t<article class=\"category-drone-photography category-sports-photographs popup-item swiper-slide\" data-permalink=\"https:\/\/kassfilms.eu\/et\/project\/footjam-tailwhippin\/\" data-desc=\"Siim Ennuvere with a cool-looking footjam tailwhip.\">\n\t\t\t<div class=\"portfolio-item-grid wpb_animate_when_almost_visible wpb_fadeInLeft fadeInLeft post-2239 fw-portfolio type-fw-portfolio status-publish has-post-thumbnail hentry fw-portfolio-category-drone-photography fw-portfolio-category-sports-photographs\">\n\t\t\t\t<div class=\"img-block\">\n\t\t\t\t\t\t\t\t\t\t\t<div style=\"background-image: url(https:\/\/kassfilms.eu\/wp-content\/uploads\/2024\/08\/drone-shot-2-1024x576.png)\"><\/div>\n\t\t\t\t\t\t\t\t\t<\/div>\n\t\t\t\t<div class=\"content\">\n\t\t\t\t\t<div class=\"num\">10<\/div>\n\t\t\t\t\t<h5 class=\"h\">Footjam tailwhippin<\/h5>\n\t\t\t\t\t<div class=\"cat\">Drone photography, Sports photography<\/div>\n\t\t\t\t<\/div>\n\t\t\t\t<a href=\"https:\/\/kassfilms.eu\/wp-content\/uploads\/2024\/08\/drone-shot-2.png\" data-size=\"3171x1784\" data-magic-cursor=\"link-w-text\" data-magic-cursor-text=\"View\" data-id=\"10\"><\/a>\t\t\t<\/div>\n\t\t<\/article>\n\t\t\t\t\t\t\t\t<\/div>\n\t\t\t\t\t<\/div>\n\t\t\t\t<\/div>\n\t\t\t\t<div class=\"portfolio-carousel-full-with\"><\/div>\n\t\t\t\t\t\t<\/div><\/div><\/div><\/div><div class=\"vc_row wpb_row vc_row-fluid vc_row-69d4d0194085b\"><div class=\"wpb_column vc_column_container vc_col-sm-12 vc_row-69d4d01940907\"><div class=\"vc_column-inner\"><div class=\"wpb_wrapper\">\n\t<div class=\"wpb_text_column wpb_content_element\" >\n\t\t<div class=\"wpb_wrapper\">\n\t\t\t<p><strong>Vaata ka meie \u00fclej\u00e4\u00e4nud portfooliot:<\/strong><\/p>\n<ul>\n<li><a href=\"https:\/\/kassfilms.eu\/et\/videography\/\">Videograafia<\/a><\/li>\n<li><a href=\"https:\/\/kassfilms.eu\/et\/photography\/architecture-photography\/\">Arhitektuuri- ja kinnisvarafotograafia<\/a><\/li>\n<li><a href=\"https:\/\/kassfilms.eu\/et\/photography\/event-photography\/\">\u00dcrituste fotograafia<\/a><\/li>\n<li><a href=\"https:\/\/kassfilms.eu\/et\/photography\/nature-landscapes\/\">Loodusfotograafia<\/a><\/li>\n<li><a href=\"https:\/\/kassfilms.eu\/et\/photography\/people-portraits\/\">Inimesed ja portreed<\/a><\/li>\n<li><a href=\"https:\/\/kassfilms.eu\/et\/photography\/product-photography\/\">Tootefotograafia<\/a><\/li>\n<li><a href=\"https:\/\/kassfilms.eu\/et\/photography\/sports-photography\/\">Spordifotograafia<\/a><\/li>\n<\/ul>\n\n\t\t<\/div>\n\t<\/div>\n<\/div><\/div><\/div><\/div>\n<\/div>","protected":false},"excerpt":{"rendered":"Siim Ennuvere with a cool-looking footjam tailwhip.","protected":false},"author":1,"featured_media":1881,"parent":1211,"menu_order":0,"comment_status":"closed","ping_status":"closed","template":"","meta":{"_acf_changed":false,"footnotes":""},"class_list":["post-1879","page","type-page","status-publish","has-post-thumbnail","hentry"],"acf":[],"yoast_head":"<!-- This site is optimized with the Yoast SEO plugin v27.3 - https:\/\/yoast.com\/product\/yoast-seo-wordpress\/ -->\n<title>Drone Photography - KassFilms<\/title>\n<meta name=\"robots\" content=\"index, follow, max-snippet:-1, max-image-preview:large, max-video-preview:-1\" \/>\n<link rel=\"canonical\" href=\"https:\/\/kassfilms.eu\/et\/photography\/drone-photography\/\" \/>\n<meta property=\"og:locale\" content=\"et_EE\" \/>\n<meta property=\"og:type\" content=\"article\" \/>\n<meta property=\"og:title\" content=\"Drone Photography - KassFilms\" \/>\n<meta property=\"og:url\" content=\"https:\/\/kassfilms.eu\/et\/photography\/drone-photography\/\" \/>\n<meta property=\"og:site_name\" content=\"KassFilms\" \/>\n<meta property=\"article:publisher\" content=\"https:\/\/www.facebook.com\/KassFilms\/\" \/>\n<meta property=\"article:modified_time\" content=\"2026-03-18T17:56:25+00:00\" \/>\n<meta property=\"og:image\" content=\"https:\/\/kassfilms.eu\/wp-content\/uploads\/2024\/08\/drone-shot-1024x576.png\" \/>\n\t<meta property=\"og:image:width\" content=\"1024\" \/>\n\t<meta property=\"og:image:height\" content=\"576\" \/>\n\t<meta property=\"og:image:type\" content=\"image\/png\" \/>\n<meta name=\"twitter:card\" content=\"summary_large_image\" \/>\n<meta name=\"twitter:label1\" content=\"Est. reading time\" \/>\n\t<meta name=\"twitter:data1\" content=\"1 minut\" \/>\n<script type=\"application\/ld+json\" class=\"yoast-schema-graph\">{\"@context\":\"https:\\\/\\\/schema.org\",\"@graph\":[{\"@type\":\"WebPage\",\"@id\":\"https:\\\/\\\/kassfilms.eu\\\/photography\\\/drone-photography\\\/\",\"url\":\"https:\\\/\\\/kassfilms.eu\\\/photography\\\/drone-photography\\\/\",\"name\":\"Drone Photography - KassFilms\",\"isPartOf\":{\"@id\":\"https:\\\/\\\/kassfilms.eu\\\/#website\"},\"primaryImageOfPage\":{\"@id\":\"https:\\\/\\\/kassfilms.eu\\\/photography\\\/drone-photography\\\/#primaryimage\"},\"image\":{\"@id\":\"https:\\\/\\\/kassfilms.eu\\\/photography\\\/drone-photography\\\/#primaryimage\"},\"thumbnailUrl\":\"https:\\\/\\\/kassfilms.eu\\\/wp-content\\\/uploads\\\/2024\\\/08\\\/drone-shot.png\",\"datePublished\":\"2024-08-10T17:35:14+00:00\",\"dateModified\":\"2026-03-18T17:56:25+00:00\",\"breadcrumb\":{\"@id\":\"https:\\\/\\\/kassfilms.eu\\\/photography\\\/drone-photography\\\/#breadcrumb\"},\"inLanguage\":\"et\",\"potentialAction\":[{\"@type\":\"ReadAction\",\"target\":[\"https:\\\/\\\/kassfilms.eu\\\/photography\\\/drone-photography\\\/\"]}]},{\"@type\":\"ImageObject\",\"inLanguage\":\"et\",\"@id\":\"https:\\\/\\\/kassfilms.eu\\\/photography\\\/drone-photography\\\/#primaryimage\",\"url\":\"https:\\\/\\\/kassfilms.eu\\\/wp-content\\\/uploads\\\/2024\\\/08\\\/drone-shot.png\",\"contentUrl\":\"https:\\\/\\\/kassfilms.eu\\\/wp-content\\\/uploads\\\/2024\\\/08\\\/drone-shot.png\",\"width\":3389,\"height\":1907},{\"@type\":\"BreadcrumbList\",\"@id\":\"https:\\\/\\\/kassfilms.eu\\\/photography\\\/drone-photography\\\/#breadcrumb\",\"itemListElement\":[{\"@type\":\"ListItem\",\"position\":1,\"name\":\"Home\",\"item\":\"https:\\\/\\\/kassfilms.eu\\\/\"},{\"@type\":\"ListItem\",\"position\":2,\"name\":\"Photography\",\"item\":\"https:\\\/\\\/kassfilms.eu\\\/photography\\\/\"},{\"@type\":\"ListItem\",\"position\":3,\"name\":\"Drone Photography\"}]},{\"@type\":\"WebSite\",\"@id\":\"https:\\\/\\\/kassfilms.eu\\\/#website\",\"url\":\"https:\\\/\\\/kassfilms.eu\\\/\",\"name\":\"KassFilms\",\"description\":\"\",\"publisher\":{\"@id\":\"https:\\\/\\\/kassfilms.eu\\\/#organization\"},\"potentialAction\":[{\"@type\":\"SearchAction\",\"target\":{\"@type\":\"EntryPoint\",\"urlTemplate\":\"https:\\\/\\\/kassfilms.eu\\\/?s={search_term_string}\"},\"query-input\":{\"@type\":\"PropertyValueSpecification\",\"valueRequired\":true,\"valueName\":\"search_term_string\"}}],\"inLanguage\":\"et\"},{\"@type\":\"Organization\",\"@id\":\"https:\\\/\\\/kassfilms.eu\\\/#organization\",\"name\":\"KassFilms\",\"url\":\"https:\\\/\\\/kassfilms.eu\\\/\",\"logo\":{\"@type\":\"ImageObject\",\"inLanguage\":\"et\",\"@id\":\"https:\\\/\\\/kassfilms.eu\\\/#\\\/schema\\\/logo\\\/image\\\/\",\"url\":\"https:\\\/\\\/kassfilms.eu\\\/wp-content\\\/uploads\\\/2025\\\/04\\\/KF-logo-2025.png\",\"contentUrl\":\"https:\\\/\\\/kassfilms.eu\\\/wp-content\\\/uploads\\\/2025\\\/04\\\/KF-logo-2025.png\",\"width\":2891,\"height\":723,\"caption\":\"KassFilms\"},\"image\":{\"@id\":\"https:\\\/\\\/kassfilms.eu\\\/#\\\/schema\\\/logo\\\/image\\\/\"},\"sameAs\":[\"https:\\\/\\\/www.facebook.com\\\/KassFilms\\\/\",\"https:\\\/\\\/www.instagram.com\\\/kassfilms.eu\",\"https:\\\/\\\/www.linkedin.com\\\/company\\\/107002573\"]}]}<\/script>\n<!-- \/ Yoast SEO plugin. -->","yoast_head_json":{"title":"Drone Photography - KassFilms","robots":{"index":"index","follow":"follow","max-snippet":"max-snippet:-1","max-image-preview":"max-image-preview:large","max-video-preview":"max-video-preview:-1"},"canonical":"https:\/\/kassfilms.eu\/et\/photography\/drone-photography\/","og_locale":"et_EE","og_type":"article","og_title":"Drone Photography - KassFilms","og_url":"https:\/\/kassfilms.eu\/et\/photography\/drone-photography\/","og_site_name":"KassFilms","article_publisher":"https:\/\/www.facebook.com\/KassFilms\/","article_modified_time":"2026-03-18T17:56:25+00:00","og_image":[{"width":1024,"height":576,"url":"https:\/\/kassfilms.eu\/wp-content\/uploads\/2024\/08\/drone-shot-1024x576.png","type":"image\/png"}],"twitter_card":"summary_large_image","twitter_misc":{"Est. reading time":"1 minut"},"schema":{"@context":"https:\/\/schema.org","@graph":[{"@type":"WebPage","@id":"https:\/\/kassfilms.eu\/photography\/drone-photography\/","url":"https:\/\/kassfilms.eu\/photography\/drone-photography\/","name":"Drone Photography - KassFilms","isPartOf":{"@id":"https:\/\/kassfilms.eu\/#website"},"primaryImageOfPage":{"@id":"https:\/\/kassfilms.eu\/photography\/drone-photography\/#primaryimage"},"image":{"@id":"https:\/\/kassfilms.eu\/photography\/drone-photography\/#primaryimage"},"thumbnailUrl":"https:\/\/kassfilms.eu\/wp-content\/uploads\/2024\/08\/drone-shot.png","datePublished":"2024-08-10T17:35:14+00:00","dateModified":"2026-03-18T17:56:25+00:00","breadcrumb":{"@id":"https:\/\/kassfilms.eu\/photography\/drone-photography\/#breadcrumb"},"inLanguage":"et","potentialAction":[{"@type":"ReadAction","target":["https:\/\/kassfilms.eu\/photography\/drone-photography\/"]}]},{"@type":"ImageObject","inLanguage":"et","@id":"https:\/\/kassfilms.eu\/photography\/drone-photography\/#primaryimage","url":"https:\/\/kassfilms.eu\/wp-content\/uploads\/2024\/08\/drone-shot.png","contentUrl":"https:\/\/kassfilms.eu\/wp-content\/uploads\/2024\/08\/drone-shot.png","width":3389,"height":1907},{"@type":"BreadcrumbList","@id":"https:\/\/kassfilms.eu\/photography\/drone-photography\/#breadcrumb","itemListElement":[{"@type":"ListItem","position":1,"name":"Home","item":"https:\/\/kassfilms.eu\/"},{"@type":"ListItem","position":2,"name":"Photography","item":"https:\/\/kassfilms.eu\/photography\/"},{"@type":"ListItem","position":3,"name":"Drone Photography"}]},{"@type":"WebSite","@id":"https:\/\/kassfilms.eu\/#website","url":"https:\/\/kassfilms.eu\/","name":"KassFilms","description":"","publisher":{"@id":"https:\/\/kassfilms.eu\/#organization"},"potentialAction":[{"@type":"SearchAction","target":{"@type":"EntryPoint","urlTemplate":"https:\/\/kassfilms.eu\/?s={search_term_string}"},"query-input":{"@type":"PropertyValueSpecification","valueRequired":true,"valueName":"search_term_string"}}],"inLanguage":"et"},{"@type":"Organization","@id":"https:\/\/kassfilms.eu\/#organization","name":"KassFilms","url":"https:\/\/kassfilms.eu\/","logo":{"@type":"ImageObject","inLanguage":"et","@id":"https:\/\/kassfilms.eu\/#\/schema\/logo\/image\/","url":"https:\/\/kassfilms.eu\/wp-content\/uploads\/2025\/04\/KF-logo-2025.png","contentUrl":"https:\/\/kassfilms.eu\/wp-content\/uploads\/2025\/04\/KF-logo-2025.png","width":2891,"height":723,"caption":"KassFilms"},"image":{"@id":"https:\/\/kassfilms.eu\/#\/schema\/logo\/image\/"},"sameAs":["https:\/\/www.facebook.com\/KassFilms\/","https:\/\/www.instagram.com\/kassfilms.eu","https:\/\/www.linkedin.com\/company\/107002573"]}]}},"_links":{"self":[{"href":"https:\/\/kassfilms.eu\/et\/wp-json\/wp\/v2\/pages\/1879","targetHints":{"allow":["GET"]}}],"collection":[{"href":"https:\/\/kassfilms.eu\/et\/wp-json\/wp\/v2\/pages"}],"about":[{"href":"https:\/\/kassfilms.eu\/et\/wp-json\/wp\/v2\/types\/page"}],"author":[{"embeddable":true,"href":"https:\/\/kassfilms.eu\/et\/wp-json\/wp\/v2\/users\/1"}],"replies":[{"embeddable":true,"href":"https:\/\/kassfilms.eu\/et\/wp-json\/wp\/v2\/comments?post=1879"}],"version-history":[{"count":13,"href":"https:\/\/kassfilms.eu\/et\/wp-json\/wp\/v2\/pages\/1879\/revisions"}],"predecessor-version":[{"id":3655,"href":"https:\/\/kassfilms.eu\/et\/wp-json\/wp\/v2\/pages\/1879\/revisions\/3655"}],"up":[{"embeddable":true,"href":"https:\/\/kassfilms.eu\/et\/wp-json\/wp\/v2\/pages\/1211"}],"wp:featuredmedia":[{"embeddable":true,"href":"https:\/\/kassfilms.eu\/et\/wp-json\/wp\/v2\/media\/1881"}],"wp:attachment":[{"href":"https:\/\/kassfilms.eu\/et\/wp-json\/wp\/v2\/media?parent=1879"}],"curies":[{"name":"wp","href":"https:\/\/api.w.org\/{rel}","templated":true}]}}